{"id":6817,"date":"2026-04-10T17:51:21","date_gmt":"2026-04-10T20:51:21","guid":{"rendered":"https:\/\/shop.vralex.com\/?post_type=product&#038;p=6817"},"modified":"2026-04-10T22:22:58","modified_gmt":"2026-04-11T01:22:58","slug":"unlimited-24-internet-recharge-for-cuba-10-days","status":"publish","type":"product","link":"https:\/\/shop.vralex.com\/es\/producto\/unlimited-24-internet-recharge-for-cuba-10-days\/","title":{"rendered":"Recarga ilimitada de internet 24 horas para Cuba \u2013 10 d\u00edas"},"content":{"rendered":"<p dir=\"auto\"><strong>Mantente conectado sin l\u00edmites: 24 horas al d\u00eda durante 10 d\u00edas completos.<br \/>\n<\/strong><\/p>\n<div>\n<p dir=\"auto\"><strong>\ud83d\udcb0 NUEVAS OFERTAS DISPONIBLES<\/strong><\/p>\n<p dir=\"auto\">23 USD \u2192 500 CUP + Unlimited Internet 24H x 10 days<br \/>\n33 USD \u2192 750 CUP + Unlimited Internet 24H x 10 days<br \/>\n43 USD \u2192 1000 CUP + Unlimited Internet 24H x 10 days<br \/>\n53 USD \u2192 1250 CUP + Unlimited Internet 24H x 10 days<\/p>\n<\/div>\n<h3 dir=\"auto\"><strong>Validez<\/strong><\/h3>\n<p dir=\"auto\">V\u00e1lido para recargas realizadas desde <strong>1 al 30 de Abril<\/strong><\/p>","protected":false},"excerpt":{"rendered":"<p data-start=\"4516\" data-end=\"4775\"><strong>Mantente conectado sin l\u00edmites: 24 horas al d\u00eda durante 10 d\u00edas completos.<br \/>\n<\/strong><\/p>","protected":false},"featured_media":6822,"comment_status":"open","ping_status":"closed","template":"","meta":{"_kad_post_transparent":"default","_kad_post_title":"","_kad_post_layout":"default","_kad_post_sidebar_id":"","_kad_post_content_style":"default","_kad_post_vertical_padding":"default","_kad_post_feature":"","_kad_post_feature_position":"","_kad_post_header":false,"_kad_post_footer":false,"_kad_post_classname":""},"product_brand":[],"product_cat":[459],"product_tag":[463,462,461],"class_list":{"0":"post-6817","1":"product","2":"type-product","3":"status-publish","4":"has-post-thumbnail","6":"product_cat-top-up","7":"product_tag-mobile","8":"product_tag-package","9":"product_tag-top-up","10":"mulopimfwc_store_location-camaguey","11":"mulopimfwc_store_location-ciego-de-avila","12":"mulopimfwc_store_location-havana-lisa","13":"mulopimfwc_store_location-holguin","14":"mulopimfwc_store_location-moron","16":"first","17":"instock","18":"featured","19":"taxable","20":"shipping-taxable","21":"purchasable","22":"product-type-variable","23":"entry","24":"content-bg","25":"loop-entry"},"publishpress_future_action":{"enabled":false,"date":"2026-04-21 04:45:41","action":"change-status","newStatus":"draft","terms":[],"taxonomy":"product_brand","extraData":[]},"publishpress_future_workflow_manual_trigger":{"enabledWorkflows":[]},"_links":{"self":[{"href":"https:\/\/shop.vralex.com\/es\/wp-json\/wp\/v2\/product\/6817","targetHints":{"allow":["GET"]}}],"collection":[{"href":"https:\/\/shop.vralex.com\/es\/wp-json\/wp\/v2\/product"}],"about":[{"href":"https:\/\/shop.vralex.com\/es\/wp-json\/wp\/v2\/types\/product"}],"replies":[{"embeddable":true,"href":"https:\/\/shop.vralex.com\/es\/wp-json\/wp\/v2\/comments?post=6817"}],"wp:featuredmedia":[{"embeddable":true,"href":"https:\/\/shop.vralex.com\/es\/wp-json\/wp\/v2\/media\/6822"}],"wp:attachment":[{"href":"https:\/\/shop.vralex.com\/es\/wp-json\/wp\/v2\/media?parent=6817"}],"wp:term":[{"taxonomy":"product_brand","embeddable":true,"href":"https:\/\/shop.vralex.com\/es\/wp-json\/wp\/v2\/product_brand?post=6817"},{"taxonomy":"product_cat","embeddable":true,"href":"https:\/\/shop.vralex.com\/es\/wp-json\/wp\/v2\/product_cat?post=6817"},{"taxonomy":"product_tag","embeddable":true,"href":"https:\/\/shop.vralex.com\/es\/wp-json\/wp\/v2\/product_tag?post=6817"}],"curies":[{"name":"wp","href":"https:\/\/api.w.org\/{rel}","templated":true}]}}