{"id":6766,"date":"2026-03-16T16:17:05","date_gmt":"2026-03-16T19:17:05","guid":{"rendered":"https:\/\/shop.vralex.com\/?post_type=product&#038;p=6766"},"modified":"2026-03-16T17:12:36","modified_gmt":"2026-03-16T20:12:36","slug":"premier-electric-seasoning-grinder","status":"publish","type":"product","link":"https:\/\/shop.vralex.com\/es\/producto\/premier-electric-seasoning-grinder\/","title":{"rendered":"Molinillo el\u00e9ctrico de condimentos PREMIER"},"content":{"rendered":"<p data-start=\"1141\" data-end=\"1507\"><strong>Molinillo el\u00e9ctrico de condimentos PREMIER<\/strong><\/p>\n<p data-start=\"2012\" data-end=\"2321\">El molinillo el\u00e9ctrico Premier es un utensilio de cocina pr\u00e1ctico y moderno dise\u00f1ado para facilitar la preparaci\u00f3n de especias y condimentos frescos. Permite moler especias, granos, hierbas secas y mezclas de condimentos de forma r\u00e1pida y uniforme, realzando el sabor de tus comidas con ingredientes reci\u00e9n molidos. Gracias a su eficiente motor el\u00e9ctrico y su dise\u00f1o compacto, este molinillo es ideal para el uso diario en la cocina. Su resistente recipiente permite procesar peque\u00f1as cantidades de especias con precisi\u00f3n, conservando su aroma natural. Es perfecto para preparar mezclas de condimentos caseras, moler pimienta, comino, or\u00e9gano seco, semillas o mezclas de especias para carnes, arroces y sopas. Su dise\u00f1o funcional tambi\u00e9n facilita la limpieza y el almacenamiento, mientras que su sencillo sistema de funcionamiento permite obtener una molienda fina o media, seg\u00fan el tiempo de molienda.<\/p>\n<p data-start=\"2508\" data-end=\"3136\" class=\"translation-block\"><strong>Caracter\u00edsticas del producto:<\/strong><br data-start=\"2525\" data-end=\"2528\">Potencia aproximada: 150 \u2013 200 W.<br data-start=\"2923\" data-end=\"2926\">Capacidad del recipiente: de 50 g a 80 g de especias o granos.<br data-start=\"2979\" data-end=\"2982\">Material del recipiente: acero inoxidable resistente a la corrosi\u00f3n.<br data-start=\"3038\" data-end=\"3041\">Material del cuerpo: pl\u00e1stico duradero apto para uso alimentario.<br data-start=\"3083\" data-end=\"3086\">Tipo de molienda: fina o media, seg\u00fan el tiempo de funcionamiento.<br data-start=\"3193\" data-end=\"3196\">Color com\u00fan: blanco o acero inoxidable combinado.<br data-start=\"3247\" data-end=\"3250\">Uso recomendado: especias, hierbas secas, semillas y granos peque\u00f1os.<br data-start=\"3311\" data-end=\"3314\">Sistema operativo: bot\u00f3n de activaci\u00f3n \u00fanico.<br data-start=\"3357\" data-end=\"3360\">Fuente de alimentaci\u00f3n: 110 \u2013 220 V seg\u00fan el modelo.<\/p>","protected":false},"excerpt":{"rendered":"<p data-start=\"2947\" data-end=\"3086\">El molinillo el\u00e9ctrico Premier es ideal para moler especias, hierbas y granos en segundos. Compacto, potente y f\u00e1cil de usar, es perfecto para preparar condimentos frescos y realzar el sabor de tus comidas.<\/p>\n<p><!-- Galletas Dulces --><\/p>","protected":false},"featured_media":6776,"comment_status":"open","ping_status":"closed","template":"","meta":{"_kad_post_transparent":"default","_kad_post_title":"","_kad_post_layout":"default","_kad_post_sidebar_id":"","_kad_post_content_style":"default","_kad_post_vertical_padding":"default","_kad_post_feature":"","_kad_post_feature_position":"","_kad_post_header":false,"_kad_post_footer":false,"_kad_post_classname":""},"product_brand":[246],"product_cat":[89],"product_tag":[200,478,208],"class_list":{"0":"post-6766","1":"product","2":"type-product","3":"status-publish","4":"has-post-thumbnail","6":"product_brand-premier","7":"product_cat-electrodomestics","8":"product_tag-electrodomestic","9":"product_tag-grinder","10":"product_tag-kitchen","11":"product_shipping_class-small","12":"mulopimfwc_store_location-holguin","14":"first","15":"instock","16":"purchasable","17":"product-type-simple","18":"entry","19":"content-bg","20":"loop-entry"},"publishpress_future_action":{"enabled":false,"date":"2026-04-21 04:45:41","action":"change-status","newStatus":"draft","terms":[],"taxonomy":"product_brand","extraData":[]},"publishpress_future_workflow_manual_trigger":{"enabledWorkflows":[]},"_links":{"self":[{"href":"https:\/\/shop.vralex.com\/es\/wp-json\/wp\/v2\/product\/6766","targetHints":{"allow":["GET"]}}],"collection":[{"href":"https:\/\/shop.vralex.com\/es\/wp-json\/wp\/v2\/product"}],"about":[{"href":"https:\/\/shop.vralex.com\/es\/wp-json\/wp\/v2\/types\/product"}],"replies":[{"embeddable":true,"href":"https:\/\/shop.vralex.com\/es\/wp-json\/wp\/v2\/comments?post=6766"}],"wp:featuredmedia":[{"embeddable":true,"href":"https:\/\/shop.vralex.com\/es\/wp-json\/wp\/v2\/media\/6776"}],"wp:attachment":[{"href":"https:\/\/shop.vralex.com\/es\/wp-json\/wp\/v2\/media?parent=6766"}],"wp:term":[{"taxonomy":"product_brand","embeddable":true,"href":"https:\/\/shop.vralex.com\/es\/wp-json\/wp\/v2\/product_brand?post=6766"},{"taxonomy":"product_cat","embeddable":true,"href":"https:\/\/shop.vralex.com\/es\/wp-json\/wp\/v2\/product_cat?post=6766"},{"taxonomy":"product_tag","embeddable":true,"href":"https:\/\/shop.vralex.com\/es\/wp-json\/wp\/v2\/product_tag?post=6766"}],"curies":[{"name":"wp","href":"https:\/\/api.w.org\/{rel}","templated":true}]}}