{"id":6672,"date":"2026-03-09T17:43:21","date_gmt":"2026-03-09T20:43:21","guid":{"rendered":"https:\/\/shop.vralex.com\/?post_type=product&#038;p=6672"},"modified":"2026-03-09T19:15:31","modified_gmt":"2026-03-09T22:15:31","slug":"data-packs","status":"publish","type":"product","link":"https:\/\/shop.vralex.com\/es\/producto\/data-packs\/","title":{"rendered":"Paquetes de datos m\u00f3viles para Cuba"},"content":{"rendered":"<p data-start=\"555\" data-end=\"650\"><strong>Paquetes de datos m\u00f3viles para Cuba<\/strong> \u2013 Recarga instant\u00e1nea<\/p>\n<p data-start=\"555\" data-end=\"650\">Mant\u00e9ngase conectado con familiares y amigos en Cuba de forma r\u00e1pida y sencilla con estos paquetes de datos m\u00f3viles, disponibles en tres opciones diferentes. Este servicio le permite enviar datos m\u00f3viles, minutos de llamada y mensajes SMS directamente a un n\u00famero de tel\u00e9fono m\u00f3vil cubano.<\/p>\n<p data-start=\"2419\" data-end=\"2705\" class=\"translation-block\"><strong>\u00bfC\u00f3mo funciona?<\/strong> El proceso es sencillo: elige tu paquete preferido, introduce el n\u00famero de tel\u00e9fono m\u00f3vil cubano durante el proceso de pago en la secci\u00f3n de Env\u00edos o Notas y completa el pago. En la mayor\u00eda de los casos, el paquete se entrega en minutos, lo que permite al destinatario en Cuba empezar a usar los datos, minutos y mensajes de inmediato.<\/p>\n<p data-start=\"2869\" data-end=\"3607\" class=\"translation-block\"><strong>Caracter\u00edsticas del producto:<\/strong><br data-start=\"2886\" data-end=\"2889\">Cobertura: Servicio disponible para n\u00fameros de tel\u00e9fono m\u00f3vil en Cuba.<br data-start=\"2950\" data-end=\"2953\">Tiempo de entrega: Generalmente se entrega en minutos despu\u00e9s del pago.<br data-start=\"3386\" data-end=\"3389\">Proceso de compra: Elija el paquete, ingrese el n\u00famero de tel\u00e9fono cubano en la secci\u00f3n de env\u00edo o en las notas del pedido y complete el pago.<br data-start=\"3499\" data-end=\"3502\">Uso: Navegaci\u00f3n por internet, llamadas de voz y mensajes SMS.<br data-start=\"3559\" data-end=\"3562\">Compatibilidad: N\u00fameros m\u00f3viles activos en Cuba.<br>\nOpciones disponibles: Paquetes de 9 GB, 14 GB y 20 GB de datos m\u00f3viles.<\/p>\n<ul>\n<li data-start=\"2869\" data-end=\"3607\">Contenido del paquete de 9 GB: 9 GB de datos m\u00f3viles, 75 minutos de llamada, 80 mensajes SMS.<\/li>\n<li data-start=\"2869\" data-end=\"3607\">Contenido del paquete de 14 GB: 14 GB de datos m\u00f3viles, 115 minutos de llamada, 120 mensajes SMS.<\/li>\n<li data-start=\"2869\" data-end=\"3607\">Contenido del paquete de 20 GB: 20 GB de datos m\u00f3viles, 165 minutos de llamada, 160 mensajes SMS.<\/li>\n<\/ul>","protected":false},"excerpt":{"rendered":"<p data-start=\"293\" data-end=\"431\">Env\u00eda paquetes de datos m\u00f3viles a Cuba de forma r\u00e1pida y segura. Elige entre tres opciones disponibles que incluyen datos, minutos de llamada y SMS. La recarga se env\u00eda directamente al m\u00f3vil en Cuba, generalmente en cuesti\u00f3n de minutos tras el pago.<\/p>","protected":false},"featured_media":6678,"comment_status":"open","ping_status":"closed","template":"","meta":{"_kad_post_transparent":"default","_kad_post_title":"","_kad_post_layout":"default","_kad_post_sidebar_id":"","_kad_post_content_style":"default","_kad_post_vertical_padding":"default","_kad_post_feature":"","_kad_post_feature_position":"","_kad_post_header":false,"_kad_post_footer":false,"_kad_post_classname":""},"product_brand":[],"product_cat":[459],"product_tag":[463,462,461],"class_list":{"0":"post-6672","1":"product","2":"type-product","3":"status-publish","4":"has-post-thumbnail","6":"product_cat-top-up","7":"product_tag-mobile","8":"product_tag-package","9":"product_tag-top-up","10":"mulopimfwc_store_location-camaguey","11":"mulopimfwc_store_location-ciego-de-avila","12":"mulopimfwc_store_location-havana-boyeros","13":"mulopimfwc_store_location-havana-lisa","14":"mulopimfwc_store_location-holguin","15":"mulopimfwc_store_location-moron","17":"first","18":"instock","19":"taxable","20":"shipping-taxable","21":"purchasable","22":"product-type-variable","23":"entry","24":"content-bg","25":"loop-entry"},"publishpress_future_action":{"enabled":false,"date":"2026-04-16 07:15:05","action":"change-status","newStatus":"draft","terms":[],"taxonomy":"product_brand","extraData":[]},"publishpress_future_workflow_manual_trigger":{"enabledWorkflows":[]},"_links":{"self":[{"href":"https:\/\/shop.vralex.com\/es\/wp-json\/wp\/v2\/product\/6672","targetHints":{"allow":["GET"]}}],"collection":[{"href":"https:\/\/shop.vralex.com\/es\/wp-json\/wp\/v2\/product"}],"about":[{"href":"https:\/\/shop.vralex.com\/es\/wp-json\/wp\/v2\/types\/product"}],"replies":[{"embeddable":true,"href":"https:\/\/shop.vralex.com\/es\/wp-json\/wp\/v2\/comments?post=6672"}],"wp:featuredmedia":[{"embeddable":true,"href":"https:\/\/shop.vralex.com\/es\/wp-json\/wp\/v2\/media\/6678"}],"wp:attachment":[{"href":"https:\/\/shop.vralex.com\/es\/wp-json\/wp\/v2\/media?parent=6672"}],"wp:term":[{"taxonomy":"product_brand","embeddable":true,"href":"https:\/\/shop.vralex.com\/es\/wp-json\/wp\/v2\/product_brand?post=6672"},{"taxonomy":"product_cat","embeddable":true,"href":"https:\/\/shop.vralex.com\/es\/wp-json\/wp\/v2\/product_cat?post=6672"},{"taxonomy":"product_tag","embeddable":true,"href":"https:\/\/shop.vralex.com\/es\/wp-json\/wp\/v2\/product_tag?post=6672"}],"curies":[{"name":"wp","href":"https:\/\/api.w.org\/{rel}","templated":true}]}}