{"id":6583,"date":"2026-03-02T22:32:55","date_gmt":"2026-03-03T01:32:55","guid":{"rendered":"https:\/\/shop.vralex.com\/?post_type=product&#038;p=6583"},"modified":"2026-03-05T13:21:39","modified_gmt":"2026-03-05T16:21:39","slug":"hazelnut-chocolate-cream-eclair-min-15-u","status":"publish","type":"product","link":"https:\/\/shop.vralex.com\/es\/producto\/hazelnut-chocolate-cream-eclair-min-15-u\/","title":{"rendered":"Eclear de crema de chocolate y avellanas (12 Unidades)"},"content":{"rendered":"<p data-start=\"1641\" data-end=\"1722\"><strong>Eclair de crema de chocolate y avellanas<\/strong> \u2014 Relleno de crema de chocolate y avellanas (12 unidades)<\/p>\n<p data-start=\"1724\" data-end=\"2202\">Experimente la elegancia de la reposter\u00eda cl\u00e1sica con los Eclairs de Crema de Chocolate y Avellanas, delicadas conchas de pasta choux horneadas a la perfecci\u00f3n y rellenas de suave crema de chocolate y avellanas. Cada pieza ofrece una textura ligera y esponjosa con un centro rico y cremoso y una cobertura de chocolate brillante que realza su presentaci\u00f3n premium. Presentados en una caja de 12 unidades, son perfectos para celebraciones, mesas de postres, reuniones familiares o como un dulce gourmet para cualquier ocasi\u00f3n especial.<\/p>\n<p data-start=\"2204\" data-end=\"2221\" class=\"translation-block\"><strong>Caracter\u00edsticas del producto:<\/strong><br>\nPresentaci\u00f3n: Caja con 12 unidades individuales.<br data-start=\"2266\" data-end=\"2269\">Sabor: Crema de chocolate y avellanas.<br data-start=\"2306\" data-end=\"2309\">Peso neto aproximado: 600 g a 750 g por caja.<br data-start=\"2356\" data-end=\"2359\">Dimensiones por unidad: 8 a 10 cm de largo.<br data-start=\"2448\" data-end=\"2451\">Textura: Cubierta exterior ligera con relleno suave y cremoso.<br data-start=\"2505\" data-end=\"2508\">Color: Pastel dorado con cobertura de chocolate negro.<br data-start=\"2557\" data-end=\"2560\">Raciones recomendadas: 12 porciones individuales.<br data-start=\"2603\"> Almacenamiento: Mantener refrigerado entre 2 \u00b0C y 6 \u00b0C.<\/p>","protected":false},"excerpt":{"rendered":"<p>\u00c9clairs de pasta choux rellenos de crema de chocolate y avellanas, presentados en una caja de 12 unidades. Un postre elegante, perfecto para compartir o para ocasiones especiales.<\/p>","protected":false},"featured_media":6646,"comment_status":"open","ping_status":"closed","template":"","meta":{"_kad_post_transparent":"default","_kad_post_title":"","_kad_post_layout":"default","_kad_post_sidebar_id":"","_kad_post_content_style":"default","_kad_post_vertical_padding":"default","_kad_post_feature":"","_kad_post_feature_position":"","_kad_post_header":false,"_kad_post_footer":false,"_kad_post_classname":""},"product_brand":[],"product_cat":[88],"product_tag":[336,174,443,369,172],"class_list":{"0":"post-6583","1":"product","2":"type-product","3":"status-publish","4":"has-post-thumbnail","6":"product_cat-breads","7":"product_tag-chocolate","8":"product_tag-desserts","9":"product_tag-eclairs","10":"product_tag-hazelnut","11":"product_tag-sweets","12":"product_shipping_class-small","13":"mulopimfwc_store_location-havana-lisa","15":"first","16":"instock","17":"taxable","18":"shipping-taxable","19":"purchasable","20":"product-type-simple","21":"entry","22":"content-bg","23":"loop-entry"},"publishpress_future_action":{"enabled":false,"date":"2026-04-19 19:50:31","action":"change-status","newStatus":"draft","terms":[],"taxonomy":"product_brand","extraData":[]},"publishpress_future_workflow_manual_trigger":{"enabledWorkflows":[]},"_links":{"self":[{"href":"https:\/\/shop.vralex.com\/es\/wp-json\/wp\/v2\/product\/6583","targetHints":{"allow":["GET"]}}],"collection":[{"href":"https:\/\/shop.vralex.com\/es\/wp-json\/wp\/v2\/product"}],"about":[{"href":"https:\/\/shop.vralex.com\/es\/wp-json\/wp\/v2\/types\/product"}],"replies":[{"embeddable":true,"href":"https:\/\/shop.vralex.com\/es\/wp-json\/wp\/v2\/comments?post=6583"}],"wp:featuredmedia":[{"embeddable":true,"href":"https:\/\/shop.vralex.com\/es\/wp-json\/wp\/v2\/media\/6646"}],"wp:attachment":[{"href":"https:\/\/shop.vralex.com\/es\/wp-json\/wp\/v2\/media?parent=6583"}],"wp:term":[{"taxonomy":"product_brand","embeddable":true,"href":"https:\/\/shop.vralex.com\/es\/wp-json\/wp\/v2\/product_brand?post=6583"},{"taxonomy":"product_cat","embeddable":true,"href":"https:\/\/shop.vralex.com\/es\/wp-json\/wp\/v2\/product_cat?post=6583"},{"taxonomy":"product_tag","embeddable":true,"href":"https:\/\/shop.vralex.com\/es\/wp-json\/wp\/v2\/product_tag?post=6583"}],"curies":[{"name":"wp","href":"https:\/\/api.w.org\/{rel}","templated":true}]}}