{"id":5696,"date":"2026-01-24T18:26:50","date_gmt":"2026-01-24T21:26:50","guid":{"rendered":"https:\/\/shop.vralex.com\/?post_type=product&#038;p=5696"},"modified":"2026-02-17T21:40:46","modified_gmt":"2026-02-18T00:40:46","slug":"merca-max-detergent-500g","status":"publish","type":"product","link":"https:\/\/shop.vralex.com\/es\/producto\/merca-max-detergent-500g\/","title":{"rendered":"Detergente Merca-Max (500 g)"},"content":{"rendered":"<p dir=\"auto\" class=\"translation-block\"><strong>Detergente Merca-Max<\/strong> - limpieza profunda para la ropa de uso diario (500 g)<\/p>\n<p data-start=\"1510\" data-end=\"1787\">Mant\u00e9n tu ropa fresca e impecable con el Detergente Merca-Max, dise\u00f1ado para brindar un poder de limpieza confiable para las necesidades diarias de lavado. Su f\u00f3rmula concentrada ayuda a eliminar la suciedad, las manchas comunes y los olores desagradables, a la vez que cuida las fibras de la tela y mantiene la calidad de la prenda. Su pr\u00e1ctico formato de 500 g lo convierte en una opci\u00f3n econ\u00f3mica y conveniente para hogares y uso frecuente. Un producto confiable que brinda resultados consistentes: ropa limpia y con un aroma fresco en cada lavado.<\/p>\n<p data-start=\"2000\" data-end=\"2366\" class=\"translation-block\"><strong data-start=\"2000\" data-end=\"2021\">Caracter\u00edsticas del producto:<\/strong><br data-start=\"2021\" data-end=\"2024\">Presentaci\u00f3n: Bolsa de detergente en polvo<br data-start=\"2061\" data-end=\"2064\">Peso neto: 500 g<br data-start=\"2084\" data-end=\"2087\">Tipo: Detergente para ropa<br data-start=\"2113\" data-end=\"2116\">Aroma: Fresco y limpio<br data-start=\"2141\" data-end=\"2144\">Uso recomendado: Ropa blanca y de color<br data-start=\"2189\" data-end=\"2192\">Compatibilidad: Lavado a mano y lavadora<br data-start=\"2239\" data-end=\"2242\">Rendimiento estimado: Hasta 10-15 lavados (seg\u00fan el tama\u00f1o de la carga y el nivel de suciedad)<br data-start=\"2239\" data-end=\"2242\"> Color del producto: Blanco \/ polvo granulado<\/p>","protected":false},"excerpt":{"rendered":"<p data-start=\"2369\" data-end=\"2481\">Detergente en polvo Merca-Max 500 g, que ofrece una limpieza eficaz, un aroma fresco y un excelente rendimiento para el lavado diario.<\/p>","protected":false},"featured_media":5243,"comment_status":"open","ping_status":"closed","template":"","meta":{"_kad_post_transparent":"default","_kad_post_title":"","_kad_post_layout":"default","_kad_post_sidebar_id":"","_kad_post_content_style":"default","_kad_post_vertical_padding":"default","_kad_post_feature":"","_kad_post_feature_position":"","_kad_post_header":false,"_kad_post_footer":false,"_kad_post_classname":""},"product_brand":[],"product_cat":[299],"product_tag":[307,302],"class_list":{"0":"post-5696","1":"product","2":"type-product","3":"status-publish","4":"has-post-thumbnail","6":"product_cat-hygiene-cleaning","7":"product_tag-detergent","8":"product_tag-hygiene","9":"product_shipping_class-small","10":"mulopimfwc_store_location-ciego-de-avila","12":"first","13":"instock","14":"purchasable","15":"product-type-simple","16":"entry","17":"content-bg","18":"loop-entry"},"publishpress_future_action":{"enabled":false,"date":"2026-04-26 05:50:19","action":"change-status","newStatus":"draft","terms":[],"taxonomy":"product_brand","extraData":[]},"publishpress_future_workflow_manual_trigger":{"enabledWorkflows":[]},"_links":{"self":[{"href":"https:\/\/shop.vralex.com\/es\/wp-json\/wp\/v2\/product\/5696","targetHints":{"allow":["GET"]}}],"collection":[{"href":"https:\/\/shop.vralex.com\/es\/wp-json\/wp\/v2\/product"}],"about":[{"href":"https:\/\/shop.vralex.com\/es\/wp-json\/wp\/v2\/types\/product"}],"replies":[{"embeddable":true,"href":"https:\/\/shop.vralex.com\/es\/wp-json\/wp\/v2\/comments?post=5696"}],"wp:featuredmedia":[{"embeddable":true,"href":"https:\/\/shop.vralex.com\/es\/wp-json\/wp\/v2\/media\/5243"}],"wp:attachment":[{"href":"https:\/\/shop.vralex.com\/es\/wp-json\/wp\/v2\/media?parent=5696"}],"wp:term":[{"taxonomy":"product_brand","embeddable":true,"href":"https:\/\/shop.vralex.com\/es\/wp-json\/wp\/v2\/product_brand?post=5696"},{"taxonomy":"product_cat","embeddable":true,"href":"https:\/\/shop.vralex.com\/es\/wp-json\/wp\/v2\/product_cat?post=5696"},{"taxonomy":"product_tag","embeddable":true,"href":"https:\/\/shop.vralex.com\/es\/wp-json\/wp\/v2\/product_tag?post=5696"}],"curies":[{"name":"wp","href":"https:\/\/api.w.org\/{rel}","templated":true}]}}