{"id":5692,"date":"2026-01-24T18:26:50","date_gmt":"2026-01-24T21:26:50","guid":{"rendered":"https:\/\/shop.vralex.com\/?post_type=product&#038;p=5692"},"modified":"2026-02-17T21:40:46","modified_gmt":"2026-02-18T00:40:46","slug":"saray-limousine-sorbet-4-5g","status":"publish","type":"product","link":"https:\/\/shop.vralex.com\/es\/producto\/saray-limousine-sorbet-4-5g\/","title":{"rendered":"Sorbete Saray Limousine (4,5g)"},"content":{"rendered":"<p data-start=\"1583\" data-end=\"1811\" class=\"translation-block\"><strong>Sorbete Saray Limousine 4,5 g<\/strong> (Chocolate y Fresa)<\/p>\n<p data-start=\"1358\" data-end=\"1734\" class=\"translation-block\">Disfruta del dulce y refrescante sabor de los <strong data-start=\"1398\" data-end=\"1424\">Sorbetes Saray Limousine<\/strong>, un capricho divertido que te brinda frescura en cada sorbo. Cada paquete contiene <strong data-start=\"1495\" data-end=\"1504\">4,5 g<\/strong> con irresistibles sabores a chocolate y fresa, perfectos para compartir, llevar al trabajo o a la escuela, o disfrutar en casa. Su pr\u00e1ctico tama\u00f1o y su intenso sabor hacen de cada sorbete un momento especial para ni\u00f1os y adultos.<\/p>\n<p data-start=\"1736\" data-end=\"1990\" class=\"translation-block\"><strong data-start=\"1736\" data-end=\"1757\">Caracter\u00edsticas del producto:<\/strong><br data-start=\"1757\" data-end=\"1760\">Sabores: Chocolate y fresa<br data-start=\"1794\" data-end=\"1797\">Peso unitario: 4,5 g<br data-start=\"1818\" data-end=\"1821\">Presentaci\u00f3n: Paquete surtido con 12 unidades<br data-start=\"1862\" data-end=\"1865\">Colores: Marr\u00f3n (chocolate), Rojo (fresa)<br data-start=\"1911\" data-end=\"1914\">Raciones: 12 sorbetes individuales<br data-start=\"1948\" data-end=\"1951\">Conservaci\u00f3n: Conservar en un lugar fresco y seco<\/p>\n<p>&nbsp;<\/p>","protected":false},"excerpt":{"rendered":"<p>Sorbetes Saray Limousine de 4,5 g con sabor a chocolate y fresa, perfectos para cualquier momento. Paquete de 12 sorbetes individuales, deliciosos y divertidos.<br \/>\n<!-- sodacrackers --><\/p>","protected":false},"featured_media":5234,"comment_status":"open","ping_status":"closed","template":"","meta":{"_kad_post_transparent":"default","_kad_post_title":"","_kad_post_layout":"default","_kad_post_sidebar_id":"","_kad_post_content_style":"default","_kad_post_vertical_padding":"default","_kad_post_feature":"","_kad_post_feature_position":"","_kad_post_header":false,"_kad_post_footer":false,"_kad_post_classname":""},"product_brand":[],"product_cat":[88],"product_tag":[336,358,312,172],"class_list":{"0":"post-5692","1":"product","2":"type-product","3":"status-publish","4":"has-post-thumbnail","6":"product_cat-breads","7":"product_tag-chocolate","8":"product_tag-sorbet","9":"product_tag-strawberry","10":"product_tag-sweets","11":"product_shipping_class-small","12":"mulopimfwc_store_location-ciego-de-avila","14":"first","15":"outofstock","16":"purchasable","17":"product-type-variable","18":"entry","19":"content-bg","20":"loop-entry"},"publishpress_future_action":{"enabled":false,"date":"2026-04-26 05:33:47","action":"change-status","newStatus":"draft","terms":[],"taxonomy":"product_brand","extraData":[]},"publishpress_future_workflow_manual_trigger":{"enabledWorkflows":[]},"_links":{"self":[{"href":"https:\/\/shop.vralex.com\/es\/wp-json\/wp\/v2\/product\/5692","targetHints":{"allow":["GET"]}}],"collection":[{"href":"https:\/\/shop.vralex.com\/es\/wp-json\/wp\/v2\/product"}],"about":[{"href":"https:\/\/shop.vralex.com\/es\/wp-json\/wp\/v2\/types\/product"}],"replies":[{"embeddable":true,"href":"https:\/\/shop.vralex.com\/es\/wp-json\/wp\/v2\/comments?post=5692"}],"wp:featuredmedia":[{"embeddable":true,"href":"https:\/\/shop.vralex.com\/es\/wp-json\/wp\/v2\/media\/5234"}],"wp:attachment":[{"href":"https:\/\/shop.vralex.com\/es\/wp-json\/wp\/v2\/media?parent=5692"}],"wp:term":[{"taxonomy":"product_brand","embeddable":true,"href":"https:\/\/shop.vralex.com\/es\/wp-json\/wp\/v2\/product_brand?post=5692"},{"taxonomy":"product_cat","embeddable":true,"href":"https:\/\/shop.vralex.com\/es\/wp-json\/wp\/v2\/product_cat?post=5692"},{"taxonomy":"product_tag","embeddable":true,"href":"https:\/\/shop.vralex.com\/es\/wp-json\/wp\/v2\/product_tag?post=5692"}],"curies":[{"name":"wp","href":"https:\/\/api.w.org\/{rel}","templated":true}]}}