{"id":5685,"date":"2026-01-24T18:26:50","date_gmt":"2026-01-24T21:26:50","guid":{"rendered":"https:\/\/shop.vralex.com\/?post_type=product&#038;p=5685"},"modified":"2026-02-17T21:40:45","modified_gmt":"2026-02-18T00:40:45","slug":"rayan-pink-sauce-100g","status":"publish","type":"product","link":"https:\/\/shop.vralex.com\/es\/producto\/rayan-pink-sauce-100g\/","title":{"rendered":"Salsa rosa Rayan (100 g)"},"content":{"rendered":"<p dir=\"auto\" class=\"translation-block\"><strong>Salsa Rosa RAYAN<\/strong> \u2014 Mezcla de k\u00e9tchup y mayonesa (100 g)<\/p>\n<p data-start=\"1426\" data-end=\"1744\">Disfruta del equilibrio perfecto entre la suave mayonesa y el sabor ligeramente dulce y \u00e1cido del k\u00e9tchup con la Salsa Rosa RAYAN. Una mezcla cl\u00e1sica, cremosa y vers\u00e1til, ideal para hamburguesas, papas fritas, s\u00e1ndwiches, perritos calientes, mariscos y snacks. Su pr\u00e1ctico envase de 100 g la hace perfecta para usar a diario, tanto en casa como fuera de ella.<\/p>\n<p data-start=\"1746\" data-end=\"2149\" class=\"translation-block\"><strong data-start=\"1746\" data-end=\"1767\">Caracter\u00edsticas del producto:<\/strong><br data-start=\"1767\" data-end=\"1770\"><strong data-start=\"1773\" data-end=\"1790\">Presentaci\u00f3n:<\/strong> Envase individual de 100 g.<br data-start=\"1818\" data-end=\"1821\"><strong data-start=\"1824\" data-end=\"1839\">Peso neto:<\/strong> 100 gramos.<br data-start=\"1850\" data-end=\"1853\"><strong data-start=\"1856\" data-end=\"1867\">Sabor:<\/strong> Mezcla equilibrada de k\u00e9tchup y mayonesa.<br data-start=\"1909\" data-end=\"1912\"><strong data-start=\"1915\" data-end=\"1935\">Uso recomendado:<\/strong> Hamburguesas, Papas fritas, s\u00e1ndwiches, hot dogs y bocadillos.<br data-start=\"1984\" data-end=\"1987\"><strong data-start=\"1990\" data-end=\"2000\">Color:<\/strong> Rosa suave caracter\u00edstico.<br data-start=\"2026\" data-end=\"2029\"><strong data-start=\"2033\" data-end=\"2045\">Almacenamiento:<\/strong> Almacenar en un lugar fresco y seco; refrigerar despu\u00e9s de abrir.<br data-start=\"2100\" data-end=\"2103\"><strong data-start=\"2107\" data-end=\"2132\">Raciones aproximadas:<\/strong> 4 a 6 porciones.<\/p>","protected":false},"excerpt":{"rendered":"<p data-start=\"2168\" data-end=\"2280\">Salsa Rosa RAYAN 100 g, una cremosa mezcla de k\u00e9tchup y mayonesa. Perfecta para hamburguesas, patatas fritas y aperitivos.<\/p>","protected":false},"featured_media":5208,"comment_status":"open","ping_status":"closed","template":"","meta":{"_kad_post_transparent":"default","_kad_post_title":"","_kad_post_layout":"default","_kad_post_sidebar_id":"","_kad_post_content_style":"default","_kad_post_vertical_padding":"default","_kad_post_feature":"","_kad_post_feature_position":"","_kad_post_header":false,"_kad_post_footer":false,"_kad_post_classname":""},"product_brand":[],"product_cat":[63],"product_tag":[352,338,339],"class_list":{"0":"post-5685","1":"product","2":"type-product","3":"status-publish","4":"has-post-thumbnail","6":"product_cat-pasta","7":"product_tag-ketchup","8":"product_tag-mayonnaise","9":"product_tag-sauces","10":"product_shipping_class-small","11":"mulopimfwc_store_location-ciego-de-avila","13":"first","14":"instock","15":"purchasable","16":"product-type-simple","17":"entry","18":"content-bg","19":"loop-entry"},"publishpress_future_action":{"enabled":false,"date":"2026-04-26 05:49:38","action":"change-status","newStatus":"draft","terms":[],"taxonomy":"product_brand","extraData":[]},"publishpress_future_workflow_manual_trigger":{"enabledWorkflows":[]},"_links":{"self":[{"href":"https:\/\/shop.vralex.com\/es\/wp-json\/wp\/v2\/product\/5685","targetHints":{"allow":["GET"]}}],"collection":[{"href":"https:\/\/shop.vralex.com\/es\/wp-json\/wp\/v2\/product"}],"about":[{"href":"https:\/\/shop.vralex.com\/es\/wp-json\/wp\/v2\/types\/product"}],"replies":[{"embeddable":true,"href":"https:\/\/shop.vralex.com\/es\/wp-json\/wp\/v2\/comments?post=5685"}],"wp:featuredmedia":[{"embeddable":true,"href":"https:\/\/shop.vralex.com\/es\/wp-json\/wp\/v2\/media\/5208"}],"wp:attachment":[{"href":"https:\/\/shop.vralex.com\/es\/wp-json\/wp\/v2\/media?parent=5685"}],"wp:term":[{"taxonomy":"product_brand","embeddable":true,"href":"https:\/\/shop.vralex.com\/es\/wp-json\/wp\/v2\/product_brand?post=5685"},{"taxonomy":"product_cat","embeddable":true,"href":"https:\/\/shop.vralex.com\/es\/wp-json\/wp\/v2\/product_cat?post=5685"},{"taxonomy":"product_tag","embeddable":true,"href":"https:\/\/shop.vralex.com\/es\/wp-json\/wp\/v2\/product_tag?post=5685"}],"curies":[{"name":"wp","href":"https:\/\/api.w.org\/{rel}","templated":true}]}}