{"id":5636,"date":"2026-01-24T18:26:43","date_gmt":"2026-01-24T21:26:43","guid":{"rendered":"https:\/\/shop.vralex.com\/?post_type=product&#038;p=5636"},"modified":"2026-02-17T21:40:47","modified_gmt":"2026-02-18T00:40:47","slug":"natural-water-bottle-500ml","status":"publish","type":"product","link":"https:\/\/shop.vralex.com\/es\/producto\/natural-water-bottle-500ml\/","title":{"rendered":"Botella de agua natural (500 ml)"},"content":{"rendered":"<p dir=\"auto\"><strong>Agua embotellada natural: pureza y frescura diarias (500 ml)<\/strong><\/p>\n<p data-start=\"1348\" data-end=\"1693\">Mantente hidratado en todo momento con esta botella de 500 ml de agua natural, ideal para el consumo diario en casa, el trabajo, el gimnasio o para llevar. Agua limpia, refrescante y de sabor neutro en un formato pr\u00e1ctico y f\u00e1cil de llevar. Perfecta para acompa\u00f1ar comidas, actividades f\u00edsicas o para un estilo de vida saludable.<\/p>\n<p dir=\"auto\" class=\"translation-block\"><strong data-start=\"1533\" data-end=\"1554\">Caracter\u00edsticas del producto:<\/strong><br data-start=\"1554\" data-end=\"1557\">Tipo de agua: Agua natural sin gas.<br data-start=\"1592\" data-end=\"1595\">Presentaci\u00f3n: Botella individual.<br data-start=\"1626\" data-end=\"1629\">Contenido neto: 500 ml.<br data-start=\"1652\" data-end=\"1655\">Sabor: Neutro, fresco y limpio.<br data-start=\"1691\" data-end=\"1694\">Envase: Botella de pl\u00e1stico transparente, ligera y resistente.<br data-start=\"1762\" data-end=\"1765\">Tama\u00f1o aproximado: Altura 20\u201322 cm.<br data-start=\"1802\" data-end=\"1805\">Uso recomendado: Hidrataci\u00f3n diaria.<\/p>","protected":false},"excerpt":{"rendered":"<p>Botella de 500 ml de agua natural sin gas. Fresca, ligera e ideal para hidratarse a diario.<\/p>","protected":false},"featured_media":5087,"comment_status":"open","ping_status":"closed","template":"","meta":{"_kad_post_transparent":"default","_kad_post_title":"","_kad_post_layout":"default","_kad_post_sidebar_id":"","_kad_post_content_style":"default","_kad_post_vertical_padding":"default","_kad_post_feature":"","_kad_post_feature_position":"","_kad_post_header":false,"_kad_post_footer":false,"_kad_post_classname":""},"product_brand":[],"product_cat":[64],"product_tag":[322],"class_list":{"0":"post-5636","1":"product","2":"type-product","3":"status-publish","4":"has-post-thumbnail","6":"product_cat-drinks","7":"product_tag-water","8":"product_shipping_class-small","9":"mulopimfwc_store_location-ciego-de-avila","11":"first","12":"instock","13":"purchasable","14":"product-type-simple","15":"entry","16":"content-bg","17":"loop-entry"},"publishpress_future_action":{"enabled":false,"date":"2026-04-28 05:30:10","action":"change-status","newStatus":"draft","terms":[],"taxonomy":"product_brand","extraData":[]},"publishpress_future_workflow_manual_trigger":{"enabledWorkflows":[]},"_links":{"self":[{"href":"https:\/\/shop.vralex.com\/es\/wp-json\/wp\/v2\/product\/5636","targetHints":{"allow":["GET"]}}],"collection":[{"href":"https:\/\/shop.vralex.com\/es\/wp-json\/wp\/v2\/product"}],"about":[{"href":"https:\/\/shop.vralex.com\/es\/wp-json\/wp\/v2\/types\/product"}],"replies":[{"embeddable":true,"href":"https:\/\/shop.vralex.com\/es\/wp-json\/wp\/v2\/comments?post=5636"}],"wp:featuredmedia":[{"embeddable":true,"href":"https:\/\/shop.vralex.com\/es\/wp-json\/wp\/v2\/media\/5087"}],"wp:attachment":[{"href":"https:\/\/shop.vralex.com\/es\/wp-json\/wp\/v2\/media?parent=5636"}],"wp:term":[{"taxonomy":"product_brand","embeddable":true,"href":"https:\/\/shop.vralex.com\/es\/wp-json\/wp\/v2\/product_brand?post=5636"},{"taxonomy":"product_cat","embeddable":true,"href":"https:\/\/shop.vralex.com\/es\/wp-json\/wp\/v2\/product_cat?post=5636"},{"taxonomy":"product_tag","embeddable":true,"href":"https:\/\/shop.vralex.com\/es\/wp-json\/wp\/v2\/product_tag?post=5636"}],"curies":[{"name":"wp","href":"https:\/\/api.w.org\/{rel}","templated":true}]}}