{"id":5635,"date":"2026-01-24T18:26:43","date_gmt":"2026-01-24T21:26:43","guid":{"rendered":"https:\/\/shop.vralex.com\/?post_type=product&#038;p=5635"},"modified":"2026-02-17T21:40:47","modified_gmt":"2026-02-18T00:40:47","slug":"tigon-250-ml","status":"publish","type":"product","link":"https:\/\/shop.vralex.com\/es\/producto\/tigon-250-ml\/","title":{"rendered":"Tigon (250 ml)"},"content":{"rendered":"<p dir=\"auto\"><strong>Tigon \u2014 Lata de bebida energ\u00e9tica (250 ml)<\/strong><\/p>\n<p data-start=\"1348\" data-end=\"1693\" class=\"translation-block\">Dale energ\u00eda a tu d\u00eda con <strong data-start=\"1368\" data-end=\"1377\">Tigon<\/strong>, una bebida energ\u00e9tica dise\u00f1ada para mantenerte activo, concentrado y en movimiento. Su pr\u00e1ctico formato de lata de 250 ml te permite llevarla a cualquier lugar: al trabajo, a tus sesiones de estudio, a tu entrenamiento o a tu tiempo libre. Tigon ofrece un sabor intenso y refrescante, combinado con una f\u00f3rmula dise\u00f1ada para darte un impulso de energ\u00eda instant\u00e1neo cuando m\u00e1s lo necesitas. Disfrutado mejor fr\u00edo, Tigon es una opci\u00f3n popular para quienes buscan una bebida energ\u00e9tica r\u00e1pida y fiable con una presentaci\u00f3n moderna y f\u00e1cil de guardar.<\/p>\n<p dir=\"auto\" class=\"translation-block\"><strong data-start=\"1843\" data-end=\"1864\">Caracter\u00edsticas del producto:<\/strong><br data-start=\"1864\" data-end=\"1867\">Tipo: Bebida energ\u00e9tica<br data-start=\"1887\" data-end=\"1890\">Envase: Lata de aluminio<br data-start=\"1916\" data-end=\"1919\">Contenido neto: 250 ml<br data-start=\"1941\" data-end=\"1944\">Sabor: Sabor energ\u00e9tico original<br data-start=\"1977\" data-end=\"1980\">Sugerencia de presentaci\u00f3n: Servir fr\u00edo<br data-start=\"2019\" data-end=\"2022\">Uso ideal: Actividades diarias, estudio, trabajo y deportes<br data-start=\"2080\" data-end=\"2083\">Color de la lata: Dise\u00f1o multicolor llamativo<br data-start=\"2127\" data-end=\"2130\">Almacenamiento: Conservar en un lugar fresco y seco. lugar fresco y seco<\/p>","protected":false},"excerpt":{"rendered":"<p>Bebida energ\u00e9tica Tigon en lata de 250 ml. Refrescante, pr\u00e1ctica y perfecta para un r\u00e1pido impulso de energ\u00eda en cualquier momento.<\/p>","protected":false},"featured_media":5084,"comment_status":"open","ping_status":"closed","template":"","meta":{"_kad_post_transparent":"default","_kad_post_title":"","_kad_post_layout":"default","_kad_post_sidebar_id":"","_kad_post_content_style":"default","_kad_post_vertical_padding":"default","_kad_post_feature":"","_kad_post_feature_position":"","_kad_post_header":false,"_kad_post_footer":false,"_kad_post_classname":""},"product_brand":[],"product_cat":[64],"product_tag":[155,320,321],"class_list":{"0":"post-5635","1":"product","2":"type-product","3":"status-publish","4":"has-post-thumbnail","6":"product_cat-drinks","7":"product_tag-drinks","8":"product_tag-energy-drink","9":"product_tag-tigon","10":"product_shipping_class-small","11":"mulopimfwc_store_location-ciego-de-avila","13":"first","14":"outofstock","15":"purchasable","16":"product-type-simple","17":"entry","18":"content-bg","19":"loop-entry"},"publishpress_future_action":{"enabled":false,"date":"2026-04-26 05:49:35","action":"change-status","newStatus":"draft","terms":[],"taxonomy":"product_brand","extraData":[]},"publishpress_future_workflow_manual_trigger":{"enabledWorkflows":[]},"_links":{"self":[{"href":"https:\/\/shop.vralex.com\/es\/wp-json\/wp\/v2\/product\/5635","targetHints":{"allow":["GET"]}}],"collection":[{"href":"https:\/\/shop.vralex.com\/es\/wp-json\/wp\/v2\/product"}],"about":[{"href":"https:\/\/shop.vralex.com\/es\/wp-json\/wp\/v2\/types\/product"}],"replies":[{"embeddable":true,"href":"https:\/\/shop.vralex.com\/es\/wp-json\/wp\/v2\/comments?post=5635"}],"wp:featuredmedia":[{"embeddable":true,"href":"https:\/\/shop.vralex.com\/es\/wp-json\/wp\/v2\/media\/5084"}],"wp:attachment":[{"href":"https:\/\/shop.vralex.com\/es\/wp-json\/wp\/v2\/media?parent=5635"}],"wp:term":[{"taxonomy":"product_brand","embeddable":true,"href":"https:\/\/shop.vralex.com\/es\/wp-json\/wp\/v2\/product_brand?post=5635"},{"taxonomy":"product_cat","embeddable":true,"href":"https:\/\/shop.vralex.com\/es\/wp-json\/wp\/v2\/product_cat?post=5635"},{"taxonomy":"product_tag","embeddable":true,"href":"https:\/\/shop.vralex.com\/es\/wp-json\/wp\/v2\/product_tag?post=5635"}],"curies":[{"name":"wp","href":"https:\/\/api.w.org\/{rel}","templated":true}]}}