{"id":5616,"date":"2026-01-24T18:26:42","date_gmt":"2026-01-24T21:26:42","guid":{"rendered":"https:\/\/shop.vralex.com\/?post_type=product&#038;p=5616"},"modified":"2026-02-17T21:40:48","modified_gmt":"2026-02-18T00:40:48","slug":"soft-drink-1-5l","status":"publish","type":"product","link":"https:\/\/shop.vralex.com\/es\/producto\/soft-drink-1-5l\/","title":{"rendered":"Refresco (1,5 L)"},"content":{"rendered":"<p dir=\"auto\"><strong>Refresco (1.5L) \u2014 Sabor Mate, Naranja y Lim\u00f3n, Gaseado<\/strong><\/p>\n<p data-start=\"1706\" data-end=\"1911\" class=\"translation-block\">Sacia tu sed con nuestros refrescos con gas de 1.5 L, disponibles en tres sabores cl\u00e1sicos: <strong data-start=\"1799\" data-end=\"1809\">Mate<\/strong>, <strong data-start=\"1811\" data-end=\"1819\">Naranja<\/strong> y <strong data-start=\"1825\" data-end=\"1834\">Lim\u00f3n<\/strong>. Ideales para compartir, acompa\u00f1ar comidas o disfrutar fr\u00edos en cualquier ocasi\u00f3n.<\/p>\n<p data-start=\"1913\" data-end=\"1934\"><strong data-start=\"1913\" data-end=\"1934\">Caracter\u00edsticas del producto:<\/strong><\/p>\n<p data-start=\"1936\" data-end=\"2288\" class=\"translation-block\">Presentaci\u00f3n: Botella de 1,5 L.<br data-start=\"1967\" data-end=\"1970\">Sabores disponibles: Mate, Naranja, Lim\u00f3n.<br data-start=\"2012\" data-end=\"2015\">Peso neto: Aprox. 1,5 kg.<br data-start=\"2045\" data-end=\"2048\">Tipo de bebida: Refresco carbonatado.<br data-start=\"2088\" data-end=\"2091\">Se recomienda servir fr\u00edo: 2 \u00b0C \u2013 6 \u00b0C.<br data-start=\"2125\" data-end=\"2128\">Botella: Pl\u00e1stico reciclable.<br data-start=\"2164\" data-end=\"2167\">Porciones por botella: 6 vasos (250 ml cada uno).<br data-start=\"2216\" data-end=\"2219\">Color de la bebida: Var\u00eda seg\u00fan el sabor (\u00e1mbar o lim\u00f3n claro).<\/p>","protected":false},"excerpt":{"rendered":"<p data-start=\"2323\" data-end=\"2465\">Refrescos de 1.5 L con sabores Mate, Naranja y Lim\u00f3n, perfectos para cualquier comida o refrigerio. S\u00edrvalos fr\u00edos y disfrute de su sabor burbujeante.<\/p>","protected":false},"featured_media":5022,"comment_status":"open","ping_status":"closed","template":"","meta":{"_kad_post_transparent":"default","_kad_post_title":"","_kad_post_layout":"default","_kad_post_sidebar_id":"","_kad_post_content_style":"default","_kad_post_vertical_padding":"default","_kad_post_feature":"","_kad_post_feature_position":"","_kad_post_header":false,"_kad_post_footer":false,"_kad_post_classname":""},"product_brand":[],"product_cat":[64],"product_tag":[166,155,165,309,164,310,163,156],"class_list":{"0":"post-5616","1":"product","2":"type-product","3":"status-publish","4":"has-post-thumbnail","6":"product_cat-drinks","7":"product_tag-cola","8":"product_tag-drinks","9":"product_tag-lemon","10":"product_tag-mate","11":"product_tag-orange","12":"product_tag-pineapple","13":"product_tag-soda","14":"product_tag-soft-drink","15":"product_shipping_class-heavy","16":"mulopimfwc_store_location-ciego-de-avila","18":"first","19":"instock","20":"purchasable","21":"product-type-variable","22":"entry","23":"content-bg","24":"loop-entry"},"publishpress_future_action":{"enabled":false,"date":"2026-04-26 05:50:22","action":"change-status","newStatus":"draft","terms":[],"taxonomy":"product_brand","extraData":[]},"publishpress_future_workflow_manual_trigger":{"enabledWorkflows":[]},"_links":{"self":[{"href":"https:\/\/shop.vralex.com\/es\/wp-json\/wp\/v2\/product\/5616","targetHints":{"allow":["GET"]}}],"collection":[{"href":"https:\/\/shop.vralex.com\/es\/wp-json\/wp\/v2\/product"}],"about":[{"href":"https:\/\/shop.vralex.com\/es\/wp-json\/wp\/v2\/types\/product"}],"replies":[{"embeddable":true,"href":"https:\/\/shop.vralex.com\/es\/wp-json\/wp\/v2\/comments?post=5616"}],"wp:featuredmedia":[{"embeddable":true,"href":"https:\/\/shop.vralex.com\/es\/wp-json\/wp\/v2\/media\/5022"}],"wp:attachment":[{"href":"https:\/\/shop.vralex.com\/es\/wp-json\/wp\/v2\/media?parent=5616"}],"wp:term":[{"taxonomy":"product_brand","embeddable":true,"href":"https:\/\/shop.vralex.com\/es\/wp-json\/wp\/v2\/product_brand?post=5616"},{"taxonomy":"product_cat","embeddable":true,"href":"https:\/\/shop.vralex.com\/es\/wp-json\/wp\/v2\/product_cat?post=5616"},{"taxonomy":"product_tag","embeddable":true,"href":"https:\/\/shop.vralex.com\/es\/wp-json\/wp\/v2\/product_tag?post=5616"}],"curies":[{"name":"wp","href":"https:\/\/api.w.org\/{rel}","templated":true}]}}