{"id":5597,"date":"2026-01-24T18:26:39","date_gmt":"2026-01-24T21:26:39","guid":{"rendered":"https:\/\/shop.vralex.com\/?post_type=product&#038;p=5597"},"modified":"2026-02-05T19:19:58","modified_gmt":"2026-02-05T22:19:58","slug":"marwa-fruit-bath-solid-soap-100-g","status":"publish","type":"product","link":"https:\/\/shop.vralex.com\/es\/producto\/marwa-fruit-bath-solid-soap-100-g\/","title":{"rendered":"Jab\u00f3n de ba\u00f1o de frutas Marwa (100 g)"},"content":{"rendered":"<p data-start=\"1550\" data-end=\"1889\"><strong>Jab\u00f3n de ba\u00f1o de frutas Marwa (100g)<\/strong><\/p>\n<p data-start=\"1550\" data-end=\"1889\">Disfruta de una limpieza eficaz y refrescante con este jab\u00f3n de ba\u00f1o de uso diario, dise\u00f1ado para eliminar impurezas y cuidar tu piel. Su f\u00f3rmula s\u00f3lida produce una espuma suave y cremosa que deja la piel limpia, fresca y confortable. Apto para toda la familia e ideal para uso diario en manos y cuerpo.<\/p>\n<p data-start=\"1891\" data-end=\"2222\" class=\"translation-block\"><strong data-start=\"1891\" data-end=\"1912\">Caracter\u00edsticas del producto:<\/strong><br data-start=\"1912\" data-end=\"1915\">Tipo: Jab\u00f3n de ba\u00f1o s\u00f3lido.<br data-start=\"1517\" data-end=\"1520\">Peso neto: 100 g.<br data-start=\"1541\" data-end=\"1544\">Aroma: Fresco y neutro.<br data-start=\"1572\" data-end=\"1575\">Espuma: Suave y rica.<br data-start=\"1605\" data-end=\"1608\">Uso recomendado: Manos y cuerpo.<br data-start=\"1643\" data-end=\"1646\">Tipo de piel: Todo tipo de piel.<br data-start=\"1684\" data-end=\"1687\">Presentaci\u00f3n: Pastilla individual.<br data-start=\"1719\" data-end=\"1722\">Color: Puede variar seg\u00fan lote o fragancia.<\/p>","protected":false},"excerpt":{"rendered":"<p>Jab\u00f3n de ba\u00f1o s\u00f3lido de 100 g, ideal para la higiene diaria. Limpia eficazmente la piel, dejando una sensaci\u00f3n de frescura y suavidad tras cada uso.<br \/>\n<!-- Rijst --><\/p>","protected":false},"featured_media":4803,"comment_status":"closed","ping_status":"closed","template":"","meta":{"_kad_post_transparent":"default","_kad_post_title":"","_kad_post_layout":"default","_kad_post_sidebar_id":"","_kad_post_content_style":"default","_kad_post_vertical_padding":"default","_kad_post_feature":"","_kad_post_feature_position":"","_kad_post_header":false,"_kad_post_footer":false,"_kad_post_classname":""},"product_brand":[],"product_cat":[299],"product_tag":[301,302,305],"class_list":{"0":"post-5597","1":"product","2":"type-product","3":"status-publish","4":"has-post-thumbnail","6":"product_cat-hygiene-cleaning","7":"product_tag-cleanness","8":"product_tag-hygiene","9":"product_tag-soap","10":"product_shipping_class-small","11":"mulopimfwc_store_location-camaguey","13":"first","14":"instock","15":"purchasable","16":"product-type-simple","17":"entry","18":"content-bg","19":"loop-entry"},"publishpress_future_action":{"enabled":false,"date":"2026-04-26 05:49:26","action":"change-status","newStatus":"draft","terms":[],"taxonomy":"product_brand","extraData":[]},"publishpress_future_workflow_manual_trigger":{"enabledWorkflows":[]},"_links":{"self":[{"href":"https:\/\/shop.vralex.com\/es\/wp-json\/wp\/v2\/product\/5597","targetHints":{"allow":["GET"]}}],"collection":[{"href":"https:\/\/shop.vralex.com\/es\/wp-json\/wp\/v2\/product"}],"about":[{"href":"https:\/\/shop.vralex.com\/es\/wp-json\/wp\/v2\/types\/product"}],"replies":[{"embeddable":true,"href":"https:\/\/shop.vralex.com\/es\/wp-json\/wp\/v2\/comments?post=5597"}],"wp:featuredmedia":[{"embeddable":true,"href":"https:\/\/shop.vralex.com\/es\/wp-json\/wp\/v2\/media\/4803"}],"wp:attachment":[{"href":"https:\/\/shop.vralex.com\/es\/wp-json\/wp\/v2\/media?parent=5597"}],"wp:term":[{"taxonomy":"product_brand","embeddable":true,"href":"https:\/\/shop.vralex.com\/es\/wp-json\/wp\/v2\/product_brand?post=5597"},{"taxonomy":"product_cat","embeddable":true,"href":"https:\/\/shop.vralex.com\/es\/wp-json\/wp\/v2\/product_cat?post=5597"},{"taxonomy":"product_tag","embeddable":true,"href":"https:\/\/shop.vralex.com\/es\/wp-json\/wp\/v2\/product_tag?post=5597"}],"curies":[{"name":"wp","href":"https:\/\/api.w.org\/{rel}","templated":true}]}}