{"id":17,"date":"2025-09-28T14:41:17","date_gmt":"2025-09-28T17:41:17","guid":{"rendered":"https:\/\/shop.vralex.com\/?page_id=17"},"modified":"2025-10-30T05:50:38","modified_gmt":"2025-10-30T08:50:38","slug":"about-us","status":"publish","type":"page","link":"https:\/\/shop.vralex.com\/es\/about-us\/","title":{"rendered":"Sobre Nosotros"},"content":{"rendered":"<div data-elementor-type=\"wp-page\" data-elementor-id=\"17\" class=\"elementor elementor-17\">\n\t\t\t\t<div class=\"elementor-element elementor-element-3ac3848 e-flex e-con-boxed e-con e-parent\" data-id=\"3ac3848\" data-element_type=\"container\" data-e-type=\"container\" data-settings=\"{&quot;background_background&quot;:&quot;classic&quot;}\">\n\t\t\t\t\t<div class=\"e-con-inner\">\n\t\t<div class=\"elementor-element elementor-element-40e27a3 e-con-full e-flex e-con e-child\" data-id=\"40e27a3\" data-element_type=\"container\" data-e-type=\"container\" data-settings=\"{&quot;background_background&quot;:&quot;classic&quot;}\">\n\t\t\t\t<div class=\"elementor-element elementor-element-d307875 elementor-widget elementor-widget-heading\" data-id=\"d307875\" data-element_type=\"widget\" data-e-type=\"widget\" data-widget_type=\"heading.default\">\n\t\t\t\t\t<h1 class=\"elementor-heading-title elementor-size-default\">Sobre Nosotros<\/h1>\t\t\t\t<\/div>\n\t\t\t\t<\/div>\n\t\t\t\t\t<\/div>\n\t\t\t\t<\/div>\n\t\t<div class=\"elementor-element elementor-element-4987bc1 e-flex e-con-boxed e-con e-parent\" data-id=\"4987bc1\" data-element_type=\"container\" data-e-type=\"container\" data-settings=\"{&quot;background_background&quot;:&quot;classic&quot;}\">\n\t\t\t\t\t<div class=\"e-con-inner\">\n\t\t<div class=\"elementor-element elementor-element-f9c7bcc e-con-full e-flex e-con e-child\" data-id=\"f9c7bcc\" data-element_type=\"container\" data-e-type=\"container\">\n\t\t\t\t<div class=\"elementor-element elementor-element-b6eb0b1 elementor-widget elementor-widget-heading\" data-id=\"b6eb0b1\" data-element_type=\"widget\" data-e-type=\"widget\" data-widget_type=\"heading.default\">\n\t\t\t\t\t<h3 class=\"elementor-heading-title elementor-size-default\">Acerca de Vralex<\/h3>\t\t\t\t<\/div>\n\t\t\t\t<div class=\"elementor-element elementor-element-b21909f elementor-widget elementor-widget-text-editor\" data-id=\"b21909f\" data-element_type=\"widget\" data-e-type=\"widget\" data-widget_type=\"text-editor.default\">\n\t\t\t\t\t\t\t\t\t<p>Vralex Services conecta personas, destinos y oportunidades. Somos una empresa de servicios y comercio digital que re\u00fane a proveedores y clientes en un entorno confiable, \u00e1gil y seguro.<\/p>\n<p>Nuestra misi\u00f3n es facilitar experiencias de compra y viaje sin fronteras: desde la gesti\u00f3n de boletos, visados y alojamiento, hasta el env\u00edo de productos y regalos a tus seres queridos. Combinamos la tecnolog\u00eda con la atenci\u00f3n humana para ofrecer soluciones r\u00e1pidas, transparentes y personalizadas.<\/p>\n<p>Con una s\u00f3lida presencia en el Caribe y Am\u00e9rica Latina, y un enfoque especial en Surinam y Cuba, desarrollamos programas a medida para viajeros, familias y empresas, ofreciendo las mejores ofertas en turismo, exportaci\u00f3n, asesor\u00eda y compras internacionales.<\/p>\n<p>En Vralex Services, llevamos el comercio electr\u00f3nico m\u00e1s all\u00e1 de las fronteras, permitiendo que tus compras lleguen de forma r\u00e1pida y segura, con la misma confianza y cercan\u00eda que nos distingue.<\/p>\n<p>Somos un equipo comprometido con la honestidad, la responsabilidad y la excelencia, enfocados en brindar una experiencia \u00fanica de servicio y satisfacci\u00f3n total en cada interacci\u00f3n.<\/p>\n<p>Para cualquier consulta o asistencia, nuestro equipo de Atenci\u00f3n al Cliente est\u00e1 siempre disponible para ayudarte con tus pedidos, garant\u00edas o compras asistidas.<\/p>\n<p><img decoding=\"async\" draggable=\"false\" role=\"img\" class=\"emoji\" alt=\"\ud83d\udcde\" src=\"https:\/\/s.w.org\/images\/core\/emoji\/16.0.1\/svg\/1f4de.svg\"> <strong data-start=\"606\" data-end=\"616\">Tel\u00e9fono:<\/strong> (+597) 897 9152<br data-start=\"634\" data-end=\"637\"><img decoding=\"async\" draggable=\"false\" role=\"img\" class=\"emoji\" alt=\"\ud83d\udce7\" src=\"https:\/\/s.w.org\/images\/core\/emoji\/16.0.1\/svg\/1f4e7.svg\"> <strong data-start=\"640\" data-end=\"650\">Correo:<\/strong> info@vralex.com<br data-start=\"679\" data-end=\"682\"><img decoding=\"async\" draggable=\"false\" role=\"img\" class=\"emoji\" alt=\"\ud83d\udcac\" src=\"https:\/\/s.w.org\/images\/core\/emoji\/16.0.1\/svg\/1f4ac.svg\"> <strong data-start=\"685\" data-end=\"699\">Live chat:<\/strong> Haz clic en el \u00edcono de chat en la parte inferior derecha de la pantalla para conectarte con un representante en tiempo real.<\/p>\t\t\t\t\t\t\t\t<\/div>\n\t\t\t\t<\/div>\n\t\t\t\t\t<\/div>\n\t\t\t\t<\/div>\n\t\t\t\t<\/div>","protected":false},"excerpt":{"rendered":"<p>About Us About Vralex Vralex Services, connect people, destinations, and opportunities. We are a service and digital commerce company that brings together suppliers and customers in a reliable, agile, and secure environment. Our mission is to make shopping and travel experiences seamless and borderless \u2014 from managing tickets, visas, and accommodations to delivering products and&#8230;<\/p>","protected":false},"author":1,"featured_media":0,"parent":0,"menu_order":0,"comment_status":"closed","ping_status":"closed","template":"elementor_theme","meta":{"_kad_post_transparent":"","_kad_post_title":"hide","_kad_post_layout":"fullwidth","_kad_post_sidebar_id":"","_kad_post_content_style":"unboxed","_kad_post_vertical_padding":"hide","_kad_post_feature":"hide","_kad_post_feature_position":"","_kad_post_header":false,"_kad_post_footer":false,"_kad_post_classname":"","footnotes":""},"class_list":["post-17","page","type-page","status-publish","hentry"],"publishpress_future_action":{"enabled":false,"date":"2026-04-24 02:10:31","action":"change-status","newStatus":"draft","terms":[],"taxonomy":"","extraData":[]},"publishpress_future_workflow_manual_trigger":{"enabledWorkflows":[]},"_links":{"self":[{"href":"https:\/\/shop.vralex.com\/es\/wp-json\/wp\/v2\/pages\/17","targetHints":{"allow":["GET"]}}],"collection":[{"href":"https:\/\/shop.vralex.com\/es\/wp-json\/wp\/v2\/pages"}],"about":[{"href":"https:\/\/shop.vralex.com\/es\/wp-json\/wp\/v2\/types\/page"}],"author":[{"embeddable":true,"href":"https:\/\/shop.vralex.com\/es\/wp-json\/wp\/v2\/users\/1"}],"replies":[{"embeddable":true,"href":"https:\/\/shop.vralex.com\/es\/wp-json\/wp\/v2\/comments?post=17"}],"version-history":[{"count":0,"href":"https:\/\/shop.vralex.com\/es\/wp-json\/wp\/v2\/pages\/17\/revisions"}],"wp:attachment":[{"href":"https:\/\/shop.vralex.com\/es\/wp-json\/wp\/v2\/media?parent=17"}],"curies":[{"name":"wp","href":"https:\/\/api.w.org\/{rel}","templated":true}]}}