{"id":1032,"date":"2025-10-11T22:51:53","date_gmt":"2025-10-12T01:51:53","guid":{"rendered":"https:\/\/shop.vralex.com\/?page_id=1032"},"modified":"2025-10-30T05:16:40","modified_gmt":"2025-10-30T08:16:40","slug":"terms-and-conditions","status":"publish","type":"page","link":"https:\/\/shop.vralex.com\/es\/terms-and-conditions\/","title":{"rendered":"T\u00e9rminos y condiciones"},"content":{"rendered":"<div data-elementor-type=\"wp-page\" data-elementor-id=\"1032\" class=\"elementor elementor-1032\">\n\t\t\t\t<div class=\"elementor-element elementor-element-0d2f9e9 e-flex e-con-boxed e-con e-parent\" data-id=\"0d2f9e9\" data-element_type=\"container\" data-e-type=\"container\" data-settings=\"{&quot;background_background&quot;:&quot;classic&quot;}\">\n\t\t\t\t\t<div class=\"e-con-inner\">\n\t\t<div class=\"elementor-element elementor-element-38de9ab e-con-full e-flex e-con e-child\" data-id=\"38de9ab\" data-element_type=\"container\" data-e-type=\"container\" data-settings=\"{&quot;background_background&quot;:&quot;classic&quot;}\">\n\t\t\t\t<div class=\"elementor-element elementor-element-ead573b elementor-widget elementor-widget-heading\" data-id=\"ead573b\" data-element_type=\"widget\" data-e-type=\"widget\" data-widget_type=\"heading.default\">\n\t\t\t\t\t<h1 class=\"elementor-heading-title elementor-size-default\">T\u00e9rminos y condiciones<\/h1>\t\t\t\t<\/div>\n\t\t\t\t<\/div>\n\t\t\t\t\t<\/div>\n\t\t\t\t<\/div>\n\t\t<div class=\"elementor-element elementor-element-4987bc1 e-flex e-con-boxed e-con e-parent\" data-id=\"4987bc1\" data-element_type=\"container\" data-e-type=\"container\" data-settings=\"{&quot;background_background&quot;:&quot;classic&quot;}\">\n\t\t\t\t\t<div class=\"e-con-inner\">\n\t\t<div class=\"elementor-element elementor-element-e313445 e-con-full e-flex e-con e-child\" data-id=\"e313445\" data-element_type=\"container\" data-e-type=\"container\">\n\t\t\t\t<div class=\"elementor-element elementor-element-9b4bee6 elementor-widget elementor-widget-heading\" data-id=\"9b4bee6\" data-element_type=\"widget\" data-e-type=\"widget\" data-widget_type=\"heading.default\">\n\t\t\t\t\t<h3 class=\"elementor-heading-title elementor-size-default\">T\u00e9rminos y condiciones<\/h3>\t\t\t\t<\/div>\n\t\t\t\t<div class=\"elementor-element elementor-element-47cae6f elementor-widget elementor-widget-text-editor\" data-id=\"47cae6f\" data-element_type=\"widget\" data-e-type=\"widget\" data-widget_type=\"text-editor.default\">\n\t\t\t\t\t\t\t\t\t<p>Bienvenido a <strong>Vralex Services.<\/strong> Al acceder y utilizar nuestra tienda online, aceptas cumplir con los siguientes T\u00e9rminos y Condiciones. Te recomendamos leerlos con atenci\u00f3n antes de realizar cualquier compra.<\/p><p><strong>Uso del sitio y registro:<\/strong> Al navegar o comprar en nuestra tienda, declaras ser mayor de edad y contar con la capacidad legal para celebrar contratos vinculantes. Algunas funciones del sitio pueden requerir la creaci\u00f3n de una cuenta; eres responsable de mantener la confidencialidad de tus credenciales y de todas las actividades realizadas bajo tu cuenta.<\/p><p><strong>Productos y disponibilidad:<\/strong> Todos los productos publicados en el sitio incluyen descripciones y caracter\u00edsticas precisas seg\u00fan la informaci\u00f3n proporcionada por los proveedores. Nos esforzamos por mantener la disponibilidad de inventario, pero los pedidos est\u00e1n sujetos a confirmaci\u00f3n y pueden estar limitados por stock o disponibilidad del proveedor.<\/p><p><strong>Precios y pagos:<\/strong> Los precios indicados incluyen los impuestos aplicables seg\u00fan corresponda, salvo que se indique lo contrario. Nos reservamos el derecho de modificar precios, promociones y tarifas de env\u00edo en cualquier momento, sin afectar los pedidos confirmados. Los pagos se realizan a trav\u00e9s de plataformas seguras, y no almacenamos datos completos de tarjetas de cr\u00e9dito.<\/p><p><strong>Env\u00edos y entrega:<\/strong> Procesamos los pedidos dentro de los plazos indicados, utilizando proveedores de log\u00edstica confiables. Los tiempos de entrega son estimados y pueden variar seg\u00fan la ubicaci\u00f3n del cliente, condiciones externas o disponibilidad del producto.<\/p><p><strong>Devoluciones y reembolsos:<\/strong> Se aplican nuestras pol\u00edticas de devoluciones, detalladas en la secci\u00f3n correspondiente. Solo se aceptan devoluciones cuando el producto llega da\u00f1ado, en mal estado o no coincide con la descripci\u00f3n publicada.<\/p><p><strong>Propiedad intelectual:<\/strong> Todos los contenidos del sitio, incluyendo textos, im\u00e1genes, logotipos y dise\u00f1os, son propiedad de Vralex Services o de sus proveedores y est\u00e1n protegidos por leyes de propiedad intelectual. Queda prohibida su reproducci\u00f3n o uso sin autorizaci\u00f3n.<\/p><p><strong>Limitaci\u00f3n de responsabilidad:<\/strong> Vralex Services no ser\u00e1 responsable de da\u00f1os indirectos, incidentales o consecuenciales derivados del uso del sitio o de los productos adquiridos, dentro de los l\u00edmites permitidos por la legislaci\u00f3n aplicable.<\/p><p><strong>Modificaciones:<\/strong> Nos reservamos el derecho de actualizar estos T\u00e9rminos y Condiciones en cualquier momento. Las modificaciones ser\u00e1n efectivas desde su publicaci\u00f3n en el sitio, por lo que recomendamos revisarlos peri\u00f3dicamente.<\/p><p><strong>Contacto:<\/strong> Para consultas sobre estos T\u00e9rminos y Condiciones, pedidos, garant\u00edas o cualquier otro asunto, puedes comunicarte con nuestro equipo de Atenci\u00f3n al Cliente a trav\u00e9s de los canales oficiales de Vralex Services.<\/p>\t\t\t\t\t\t\t\t<\/div>\n\t\t\t\t<\/div>\n\t\t\t\t\t<\/div>\n\t\t\t\t<\/div>\n\t\t\t\t<\/div>","protected":false},"excerpt":{"rendered":"<p>Terms and conditions Terms and conditions Welcome to Vralex Services. By accessing and using our online store, you agree to comply with the following Terms and Conditions. Please read them carefully before making any purchase. Use of the site and account registration: By browsing or purchasing on our store, you confirm that you are of&#8230;<\/p>","protected":false},"author":1,"featured_media":0,"parent":0,"menu_order":0,"comment_status":"closed","ping_status":"closed","template":"","meta":{"_kad_post_transparent":"","_kad_post_title":"hide","_kad_post_layout":"fullwidth","_kad_post_sidebar_id":"","_kad_post_content_style":"unboxed","_kad_post_vertical_padding":"hide","_kad_post_feature":"hide","_kad_post_feature_position":"","_kad_post_header":false,"_kad_post_footer":false,"_kad_post_classname":"","footnotes":""},"class_list":["post-1032","page","type-page","status-publish","hentry"],"publishpress_future_action":{"enabled":false,"date":"2026-04-24 02:10:53","action":"change-status","newStatus":"draft","terms":[],"taxonomy":"","extraData":[]},"publishpress_future_workflow_manual_trigger":{"enabledWorkflows":[]},"_links":{"self":[{"href":"https:\/\/shop.vralex.com\/es\/wp-json\/wp\/v2\/pages\/1032","targetHints":{"allow":["GET"]}}],"collection":[{"href":"https:\/\/shop.vralex.com\/es\/wp-json\/wp\/v2\/pages"}],"about":[{"href":"https:\/\/shop.vralex.com\/es\/wp-json\/wp\/v2\/types\/page"}],"author":[{"embeddable":true,"href":"https:\/\/shop.vralex.com\/es\/wp-json\/wp\/v2\/users\/1"}],"replies":[{"embeddable":true,"href":"https:\/\/shop.vralex.com\/es\/wp-json\/wp\/v2\/comments?post=1032"}],"version-history":[{"count":0,"href":"https:\/\/shop.vralex.com\/es\/wp-json\/wp\/v2\/pages\/1032\/revisions"}],"wp:attachment":[{"href":"https:\/\/shop.vralex.com\/es\/wp-json\/wp\/v2\/media?parent=1032"}],"curies":[{"name":"wp","href":"https:\/\/api.w.org\/{rel}","templated":true}]}}