{"id":1020,"date":"2025-10-11T22:46:30","date_gmt":"2025-10-12T01:46:30","guid":{"rendered":"https:\/\/shop.vralex.com\/?page_id=1020"},"modified":"2025-10-30T05:18:14","modified_gmt":"2025-10-30T08:18:14","slug":"privacy-policy-2","status":"publish","type":"page","link":"https:\/\/shop.vralex.com\/es\/privacy-policy-2\/","title":{"rendered":"Pol\u00edtica de privacidad"},"content":{"rendered":"<div data-elementor-type=\"wp-page\" data-elementor-id=\"1020\" class=\"elementor elementor-1020\">\n\t\t\t\t<div class=\"elementor-element elementor-element-ed4f061 e-flex e-con-boxed e-con e-parent\" data-id=\"ed4f061\" data-element_type=\"container\" data-e-type=\"container\" data-settings=\"{&quot;background_background&quot;:&quot;classic&quot;}\">\n\t\t\t\t\t<div class=\"e-con-inner\">\n\t\t<div class=\"elementor-element elementor-element-d2cf185 e-con-full e-flex e-con e-child\" data-id=\"d2cf185\" data-element_type=\"container\" data-e-type=\"container\" data-settings=\"{&quot;background_background&quot;:&quot;classic&quot;}\">\n\t\t\t\t<div class=\"elementor-element elementor-element-368a2e1 elementor-widget elementor-widget-heading\" data-id=\"368a2e1\" data-element_type=\"widget\" data-e-type=\"widget\" data-widget_type=\"heading.default\">\n\t\t\t\t\t<h1 class=\"elementor-heading-title elementor-size-default\">Pol\u00edtica de privacidad<\/h1>\t\t\t\t<\/div>\n\t\t\t\t<\/div>\n\t\t\t\t\t<\/div>\n\t\t\t\t<\/div>\n\t\t<div class=\"elementor-element elementor-element-4987bc1 e-flex e-con-boxed e-con e-parent\" data-id=\"4987bc1\" data-element_type=\"container\" data-e-type=\"container\" data-settings=\"{&quot;background_background&quot;:&quot;classic&quot;}\">\n\t\t\t\t\t<div class=\"e-con-inner\">\n\t\t<div class=\"elementor-element elementor-element-e313445 e-con-full e-flex e-con e-child\" data-id=\"e313445\" data-element_type=\"container\" data-e-type=\"container\">\n\t\t\t\t<div class=\"elementor-element elementor-element-5d5691c elementor-widget elementor-widget-heading\" data-id=\"5d5691c\" data-element_type=\"widget\" data-e-type=\"widget\" data-widget_type=\"heading.default\">\n\t\t\t\t\t<h3 class=\"elementor-heading-title elementor-size-default\">Pol\u00edtica de privacidad<\/h3>\t\t\t\t<\/div>\n\t\t\t\t<div class=\"elementor-element elementor-element-d220246 elementor-widget elementor-widget-text-editor\" data-id=\"d220246\" data-element_type=\"widget\" data-e-type=\"widget\" data-widget_type=\"text-editor.default\">\n\t\t\t\t\t\t\t\t\t<p class=\"translation-block\"><strong>La privacidad de tus datos es fundamental para nosotros en Vralex Services. <\/strong>Tratamos tu informaci\u00f3n personal con total respeto y de acuerdo con los principios constitucionales de Surinam, que reconocen el derecho a la privacidad, y con las mejores pr\u00e1cticas internacionales.<\/p><div style=\"text-align: justify; line-height: 1.6; font-family: 'Roboto Flex', sans-serif;\"><p class=\"translation-block\"><strong>Recopilamos <\/strong>informaci\u00f3n personal como nombre, correo electr\u00f3nico, direcci\u00f3n de env\u00edo, datos de facturaci\u00f3n y detalles de pago \u00fanicamente cuando los necesitas para procesar tus pedidos, gestionar garant\u00edas, devoluciones o para comunicarte con nuestro equipo de atenci\u00f3n al cliente.<\/p><p class=\"translation-block\">Tus datos se usan para cumplir con nuestras obligaciones comerciales, entregar los productos adquiridos, mantener comunicaci\u00f3n sobre tu pedido y para enviarte novedades u ofertas solo si has dado tu consentimiento expl\u00edcito. No vendemos tus datos a terceros con fines de marketing sin autorizaci\u00f3n. Compartimos informaci\u00f3n con proveedores externos (como empresas de paqueter\u00eda, servicios de pago o soporte t\u00e9cnico), siempre bajo compromisos de confidencialidad y seguridad, solo cuando sea necesario para cumplir los servicios prestados<\/p><p class=\"translation-block\"><strong>Utilizamos cookies  <\/strong> y otras tecnolog\u00edas similares para asegurar el funcionamiento adecuado del sitio, para an\u00e1lisis internos de uso y para personalizar tu experiencia.Tendr\u00e1s opci\u00f3n de aceptar o rechazar cookies no esenciales seg\u00fan los avisos del sitio.<\/p><p class=\"translation-block\"><strong> Mantenemos tus datos <\/strong> mientras sean necesarios para los fines para los cuales fueron recopilados, o seg\u00fan requieran obligaciones legales. Implementamos medidas de seguridad t\u00e9cnicas y organizativas para proteger tus datos frente a accesos no autorizados, p\u00e9rdida o divulgaci\u00f3n indebida.<\/p><p class=\"translation-block\"><strong>Tienes derechos reconocidos para acceder a los datos <\/strong> que tienes sobre ti, corregir o actualizar la informaci\u00f3n si est\u00e1 equivocada, solicitar su eliminaci\u00f3n cuando ya no sean necesarios o limitar su tratamiento, as\u00ed como revocar el consentimiento para comunicaciones de marketing. Si deseas ejercer estos derechos, contactar con nosotros para aclarar el uso de tus datos o para solicitar la pol\u00edtica completa o cambios en ella, puedes escribirnos al correo de atenci\u00f3n al cliente de Vralex Services.<\/p><\/div>\t\t\t\t\t\t\t\t<\/div>\n\t\t\t\t<\/div>\n\t\t\t\t\t<\/div>\n\t\t\t\t<\/div>\n\t\t\t\t<\/div>","protected":false},"excerpt":{"rendered":"<p>Privacy Policy\u200b Privacy policy The privacy of your data is fundamental to us at Vralex Services. We handle your personal information with the utmost respect, in accordance with the constitutional principles of Suriname that recognize the right to privacy, and following the best international practices. We collect personal information such as your name, email address,&#8230;<\/p>","protected":false},"author":1,"featured_media":0,"parent":0,"menu_order":0,"comment_status":"closed","ping_status":"closed","template":"","meta":{"_kad_post_transparent":"","_kad_post_title":"hide","_kad_post_layout":"fullwidth","_kad_post_sidebar_id":"","_kad_post_content_style":"unboxed","_kad_post_vertical_padding":"hide","_kad_post_feature":"hide","_kad_post_feature_position":"","_kad_post_header":false,"_kad_post_footer":false,"_kad_post_classname":"","footnotes":""},"class_list":["post-1020","page","type-page","status-publish","hentry"],"publishpress_future_action":{"enabled":false,"date":"2026-04-24 02:10:50","action":"change-status","newStatus":"draft","terms":[],"taxonomy":"","extraData":[]},"publishpress_future_workflow_manual_trigger":{"enabledWorkflows":[]},"_links":{"self":[{"href":"https:\/\/shop.vralex.com\/es\/wp-json\/wp\/v2\/pages\/1020","targetHints":{"allow":["GET"]}}],"collection":[{"href":"https:\/\/shop.vralex.com\/es\/wp-json\/wp\/v2\/pages"}],"about":[{"href":"https:\/\/shop.vralex.com\/es\/wp-json\/wp\/v2\/types\/page"}],"author":[{"embeddable":true,"href":"https:\/\/shop.vralex.com\/es\/wp-json\/wp\/v2\/users\/1"}],"replies":[{"embeddable":true,"href":"https:\/\/shop.vralex.com\/es\/wp-json\/wp\/v2\/comments?post=1020"}],"version-history":[{"count":0,"href":"https:\/\/shop.vralex.com\/es\/wp-json\/wp\/v2\/pages\/1020\/revisions"}],"wp:attachment":[{"href":"https:\/\/shop.vralex.com\/es\/wp-json\/wp\/v2\/media?parent=1020"}],"curies":[{"name":"wp","href":"https:\/\/api.w.org\/{rel}","templated":true}]}}