{"id":1015,"date":"2025-10-11T22:43:44","date_gmt":"2025-10-12T01:43:44","guid":{"rendered":"https:\/\/shop.vralex.com\/?page_id=1015"},"modified":"2025-10-30T05:21:47","modified_gmt":"2025-10-30T08:21:47","slug":"delivery-policy","status":"publish","type":"page","link":"https:\/\/shop.vralex.com\/es\/delivery-policy\/","title":{"rendered":"Pol\u00edtica de entrega"},"content":{"rendered":"<div data-elementor-type=\"wp-page\" data-elementor-id=\"1015\" class=\"elementor elementor-1015\">\n\t\t\t\t<div class=\"elementor-element elementor-element-c532129 e-flex e-con-boxed e-con e-parent\" data-id=\"c532129\" data-element_type=\"container\" data-e-type=\"container\" data-settings=\"{&quot;background_background&quot;:&quot;classic&quot;}\">\n\t\t\t\t\t<div class=\"e-con-inner\">\n\t\t<div class=\"elementor-element elementor-element-831dc30 e-con-full e-flex e-con e-child\" data-id=\"831dc30\" data-element_type=\"container\" data-e-type=\"container\" data-settings=\"{&quot;background_background&quot;:&quot;classic&quot;}\">\n\t\t\t\t<div class=\"elementor-element elementor-element-7ab66a7 elementor-widget elementor-widget-heading\" data-id=\"7ab66a7\" data-element_type=\"widget\" data-e-type=\"widget\" data-widget_type=\"heading.default\">\n\t\t\t\t\t<h1 class=\"elementor-heading-title elementor-size-default\">Pol\u00edtica de entrega<\/h1>\t\t\t\t<\/div>\n\t\t\t\t<\/div>\n\t\t\t\t\t<\/div>\n\t\t\t\t<\/div>\n\t\t<div class=\"elementor-element elementor-element-4987bc1 e-flex e-con-boxed e-con e-parent\" data-id=\"4987bc1\" data-element_type=\"container\" data-e-type=\"container\" data-settings=\"{&quot;background_background&quot;:&quot;classic&quot;}\">\n\t\t\t\t\t<div class=\"e-con-inner\">\n\t\t<div class=\"elementor-element elementor-element-e313445 e-con-full e-flex e-con e-child\" data-id=\"e313445\" data-element_type=\"container\" data-e-type=\"container\">\n\t\t\t\t<div class=\"elementor-element elementor-element-183ce5a elementor-widget elementor-widget-heading\" data-id=\"183ce5a\" data-element_type=\"widget\" data-e-type=\"widget\" data-widget_type=\"heading.default\">\n\t\t\t\t\t<h3 class=\"elementor-heading-title elementor-size-default\">Pol\u00edtica de entrega<\/h3>\t\t\t\t<\/div>\n\t\t\t\t<div class=\"elementor-element elementor-element-e15f9e2 elementor-widget elementor-widget-text-editor\" data-id=\"e15f9e2\" data-element_type=\"widget\" data-e-type=\"widget\" data-widget_type=\"text-editor.default\">\n\t\t\t\t\t\t\t\t\t<p>En Vralex Services, nos comprometemos a entregar tus productos de manera r\u00e1pida, segura y confiable. Todas las entregas se realizan en Cuba, en provincias previamente definidas seg\u00fan la disponibilidad de los productos y la ubicaci\u00f3n de nuestros proveedores en el pa\u00eds.<\/p><p>El costo del env\u00edo depende de tama\u00f1o y peso del producto, as\u00ed como de la distancia desde el almac\u00e9n del proveedor hasta la direcci\u00f3n de destino. Productos grandes o pesados pueden implicar un cargo adicional debido a su transporte especializado. Las tarifas exactas se calcular\u00e1n autom\u00e1ticamente al momento de realizar la compra y se mostrar\u00e1n antes de confirmar el pedido.<\/p><p>Los plazos de entrega var\u00edan seg\u00fan la provincia y la disponibilidad del producto. Una vez procesado el pedido, recibir\u00e1s una confirmaci\u00f3n con la fecha estimada de entrega. Trabajamos para minimizar los tiempos de espera, pero ten en cuenta que factores externos como transporte local, condiciones clim\u00e1ticas o log\u00edstica del proveedor pueden afectar la entrega.<\/p><p>Nuestro equipo de Atenci\u00f3n al Cliente est\u00e1 disponible para cualquier consulta sobre costos, tiempos de entrega o seguimiento de pedidos, garantizando que tu experiencia de compra sea lo m\u00e1s transparente y satisfactoria posible.<\/p>\t\t\t\t\t\t\t\t<\/div>\n\t\t\t\t<\/div>\n\t\t\t\t\t<\/div>\n\t\t\t\t<\/div>\n\t\t\t\t<\/div>","protected":false},"excerpt":{"rendered":"<p>Delivery Policy Delivery policy At Vralex Services, we are committed to delivering your products quickly, safely, and reliably. All deliveries are made within Cuba, to provinces previously defined according to product availability and the location of our suppliers in the country. Shipping costs depend on product size and weight, as well as the distance from&#8230;<\/p>","protected":false},"author":1,"featured_media":0,"parent":0,"menu_order":0,"comment_status":"closed","ping_status":"closed","template":"","meta":{"_kad_post_transparent":"","_kad_post_title":"hide","_kad_post_layout":"fullwidth","_kad_post_sidebar_id":"","_kad_post_content_style":"unboxed","_kad_post_vertical_padding":"hide","_kad_post_feature":"hide","_kad_post_feature_position":"","_kad_post_header":false,"_kad_post_footer":false,"_kad_post_classname":"","footnotes":""},"class_list":["post-1015","page","type-page","status-publish","hentry"],"publishpress_future_action":{"enabled":false,"date":"2026-04-24 02:10:51","action":"change-status","newStatus":"draft","terms":[],"taxonomy":"","extraData":[]},"publishpress_future_workflow_manual_trigger":{"enabledWorkflows":[]},"_links":{"self":[{"href":"https:\/\/shop.vralex.com\/es\/wp-json\/wp\/v2\/pages\/1015","targetHints":{"allow":["GET"]}}],"collection":[{"href":"https:\/\/shop.vralex.com\/es\/wp-json\/wp\/v2\/pages"}],"about":[{"href":"https:\/\/shop.vralex.com\/es\/wp-json\/wp\/v2\/types\/page"}],"author":[{"embeddable":true,"href":"https:\/\/shop.vralex.com\/es\/wp-json\/wp\/v2\/users\/1"}],"replies":[{"embeddable":true,"href":"https:\/\/shop.vralex.com\/es\/wp-json\/wp\/v2\/comments?post=1015"}],"version-history":[{"count":0,"href":"https:\/\/shop.vralex.com\/es\/wp-json\/wp\/v2\/pages\/1015\/revisions"}],"wp:attachment":[{"href":"https:\/\/shop.vralex.com\/es\/wp-json\/wp\/v2\/media?parent=1015"}],"curies":[{"name":"wp","href":"https:\/\/api.w.org\/{rel}","templated":true}]}}